{"id":2,"date":"2024-09-19T21:57:29","date_gmt":"2024-09-19T19:57:29","guid":{"rendered":"http:\/\/soumaya-fadili.com\/?page_id=2"},"modified":"2024-09-19T23:58:16","modified_gmt":"2024-09-19T21:58:16","slug":"qui-suis-je","status":"publish","type":"page","link":"https:\/\/soumaya-fadili.com\/index.php\/qui-suis-je\/","title":{"rendered":"Qui suis-je ?"},"content":{"rendered":"\n<p>COACH SPORTIF DIPL\u00d4MEE<\/p>\n\n\n\n<p>N\u00b0 carte professionnelle d\u2019Educateur Sportif&nbsp;: 07517ED0024<\/p>\n\n\n\n<blockquote class=\"wp-block-quote is-layout-flow wp-block-quote-is-layout-flow\">\n<p>Sp\u00e9cialis\u00e9e en entrainement fonctionnel, pr\u00e9paration physique g\u00e9n\u00e9ral, musculation et en sport sant\u00e9.<\/p>\n\n\n\n<p>Depuis f\u00e9vrier 2016, j\u2019accompagne mes clients en salle, \u00e0 domicile, en plein air ou encore en entreprise dans le but de vous aider \u00e0 progresser pour atteindre votre objectif le plus vite possible.<\/p>\n\n\n\n<p>Le coaching sportif vous encadre pendant votre s\u00e9ance d\u2019exercices de fitness, de musculation ou pour du cardio-training. Vous ferez le choix de votre discipline sportive et activit\u00e9 de sport en salle pour votre remise en forme. L\u2019entraineur sportif joue le r\u00f4le de conseil et mets en place un suivi personnel et adapt\u00e9<\/p>\n\n\n\n<p>Un suivi personnel, cela sous entend :<\/p>\n\n\n\n<ul class=\"wp-block-list\">\n<li><em>Une prise en compte de la morphologie<\/em><\/li>\n\n\n\n<li><em>Une \u00e9coute de des attentes mais aussi de des capacit\u00e9s<\/em><\/li>\n\n\n\n<li><em>La fixation d\u2019objectifs atteignables<\/em><\/li>\n\n\n\n<li><em>La mise en place d\u2019une m\u00e9thodologie, d\u2019un apprentissage adapt\u00e9 au client, pour le client<\/em><\/li>\n\n\n\n<li><em>Un accompagnement dans la dur\u00e9e<\/em><\/li>\n<\/ul>\n<\/blockquote>\n\n\n\n<p><\/p>\n\n\n\n<blockquote class=\"wp-block-quote is-layout-flow wp-block-quote-is-layout-flow\">\n<figure class=\"wp-block-image size-full\"><img loading=\"lazy\" decoding=\"async\" width=\"536\" height=\"208\" src=\"https:\/\/soumaya-fadili.com\/wp-content\/uploads\/2024\/09\/image.png\" alt=\"\" class=\"wp-image-15\" srcset=\"https:\/\/soumaya-fadili.com\/wp-content\/uploads\/2024\/09\/image.png 536w, https:\/\/soumaya-fadili.com\/wp-content\/uploads\/2024\/09\/image-300x116.png 300w\" sizes=\"auto, (max-width: 536px) 100vw, 536px\" \/><\/figure>\n<\/blockquote>\n\n\n\n<p><\/p>\n","protected":false},"excerpt":{"rendered":"<p>COACH SPORTIF DIPL\u00d4MEE N\u00b0 carte professionnelle d\u2019Educateur Sportif&nbsp;: 07517ED0024<\/p>\n","protected":false},"author":1,"featured_media":0,"parent":0,"menu_order":0,"comment_status":"closed","ping_status":"open","template":"","meta":{"footnotes":""},"class_list":["post-2","page","type-page","status-publish","hentry","has-meta has-sticky-meta"],"_links":{"self":[{"href":"https:\/\/soumaya-fadili.com\/index.php\/wp-json\/wp\/v2\/pages\/2","targetHints":{"allow":["GET"]}}],"collection":[{"href":"https:\/\/soumaya-fadili.com\/index.php\/wp-json\/wp\/v2\/pages"}],"about":[{"href":"https:\/\/soumaya-fadili.com\/index.php\/wp-json\/wp\/v2\/types\/page"}],"author":[{"embeddable":true,"href":"https:\/\/soumaya-fadili.com\/index.php\/wp-json\/wp\/v2\/users\/1"}],"replies":[{"embeddable":true,"href":"https:\/\/soumaya-fadili.com\/index.php\/wp-json\/wp\/v2\/comments?post=2"}],"version-history":[{"count":1,"href":"https:\/\/soumaya-fadili.com\/index.php\/wp-json\/wp\/v2\/pages\/2\/revisions"}],"predecessor-version":[{"id":16,"href":"https:\/\/soumaya-fadili.com\/index.php\/wp-json\/wp\/v2\/pages\/2\/revisions\/16"}],"wp:attachment":[{"href":"https:\/\/soumaya-fadili.com\/index.php\/wp-json\/wp\/v2\/media?parent=2"}],"curies":[{"name":"wp","href":"https:\/\/api.w.org\/{rel}","templated":true}]}}